{"id":7126,"date":"2023-07-17T13:32:29","date_gmt":"2023-07-17T13:32:29","guid":{"rendered":"https:\/\/hongkongregistration.com\/?page_id=7126"},"modified":"2023-09-05T21:24:54","modified_gmt":"2023-09-05T21:24:54","slug":"politicas-de-privacidad","status":"publish","type":"page","link":"https:\/\/hongkongregistration.com\/pt\/politicas-de-privacidad\/","title":{"rendered":"Pol\u00edticas de privacidade"},"content":{"rendered":"<div data-elementor-type=\"wp-page\" data-elementor-id=\"7126\" class=\"elementor elementor-7126\" data-elementor-settings=\"{&quot;ha_cmc_init_switcher&quot;:&quot;no&quot;}\" data-elementor-post-type=\"page\">\n\t\t\t\t\t\t<section class=\"elementor-section elementor-top-section elementor-element elementor-element-586bc4d elementor-section-boxed elementor-section-height-default elementor-section-height-default\" data-id=\"586bc4d\" data-element_type=\"section\" data-settings=\"{&quot;_ha_eqh_enable&quot;:false}\">\n\t\t\t\t\t\t<div class=\"elementor-container elementor-column-gap-default\">\n\t\t\t\t\t<div class=\"elementor-column elementor-col-100 elementor-top-column elementor-element elementor-element-bb90b98\" data-id=\"bb90b98\" data-element_type=\"column\">\n\t\t\t<div class=\"elementor-widget-wrap\">\n\t\t\t\t\t\t\t<\/div>\n\t\t<\/div>\n\t\t\t\t\t<\/div>\n\t\t<\/section>\n\t\t\t\t<section class=\"elementor-section elementor-top-section elementor-element elementor-element-fea3b00 elementor-section-content-middle envato-kit-141-top-0 elementor-section-boxed elementor-section-height-default elementor-section-height-default\" data-id=\"fea3b00\" data-element_type=\"section\" data-settings=\"{&quot;background_background&quot;:&quot;classic&quot;,&quot;_ha_eqh_enable&quot;:false}\">\n\t\t\t\t\t\t\t<div class=\"elementor-background-overlay\"><\/div>\n\t\t\t\t\t\t\t<div class=\"elementor-container elementor-column-gap-wide\">\n\t\t\t\t\t<div class=\"elementor-column elementor-col-100 elementor-top-column elementor-element elementor-element-138ad948\" data-id=\"138ad948\" data-element_type=\"column\">\n\t\t\t<div class=\"elementor-widget-wrap elementor-element-populated\">\n\t\t\t\t\t\t<div class=\"elementor-element elementor-element-24e97c48 elementor-invisible elementor-widget elementor-widget-heading\" data-id=\"24e97c48\" data-element_type=\"widget\" data-settings=\"{&quot;_animation&quot;:&quot;fadeIn&quot;,&quot;_animation_delay&quot;:50}\" data-widget_type=\"heading.default\">\n\t\t\t\t<div class=\"elementor-widget-container\">\n\t\t\t\t\t<h2 class=\"elementor-heading-title elementor-size-default\">Registro em Hong Kong<\/h2>\t\t\t\t<\/div>\n\t\t\t\t<\/div>\n\t\t\t\t<div class=\"elementor-element elementor-element-6e00453e elementor-invisible elementor-widget elementor-widget-heading\" data-id=\"6e00453e\" data-element_type=\"widget\" data-settings=\"{&quot;_animation&quot;:&quot;fadeIn&quot;,&quot;_animation_delay&quot;:100}\" data-widget_type=\"heading.default\">\n\t\t\t\t<div class=\"elementor-widget-container\">\n\t\t\t\t\t<h2 class=\"elementor-heading-title elementor-size-default\">Pol\u00edticas de privacidade<\/h2>\t\t\t\t<\/div>\n\t\t\t\t<\/div>\n\t\t\t\t<section class=\"elementor-section elementor-inner-section elementor-element elementor-element-74392740 elementor-section-boxed elementor-section-height-default elementor-section-height-default\" data-id=\"74392740\" data-element_type=\"section\" data-settings=\"{&quot;_ha_eqh_enable&quot;:false}\">\n\t\t\t\t\t\t<div class=\"elementor-container elementor-column-gap-no\">\n\t\t\t\t\t<div class=\"elementor-column elementor-col-100 elementor-inner-column elementor-element elementor-element-74a23930\" data-id=\"74a23930\" data-element_type=\"column\">\n\t\t\t<div class=\"elementor-widget-wrap elementor-element-populated\">\n\t\t\t\t\t\t<div class=\"elementor-element elementor-element-78527774 elementor-widget elementor-widget-spacer\" data-id=\"78527774\" data-element_type=\"widget\" data-widget_type=\"spacer.default\">\n\t\t\t\t<div class=\"elementor-widget-container\">\n\t\t\t\t\t\t\t<div class=\"elementor-spacer\">\n\t\t\t<div class=\"elementor-spacer-inner\"><\/div>\n\t\t<\/div>\n\t\t\t\t\t\t<\/div>\n\t\t\t\t<\/div>\n\t\t\t\t<div class=\"elementor-element elementor-element-5890085f elementor-widget elementor-widget-text-editor\" data-id=\"5890085f\" data-element_type=\"widget\" data-widget_type=\"text-editor.default\">\n\t\t\t\t<div class=\"elementor-widget-container\">\n\t\t\t\t\t\t\t\t\t<p><strong>Pol\u00edtica de Privacidad de HK Registration<\/strong><\/p>\n<p>\u00daltima Actualizaci\u00f3n: 01\/02\/2022.<\/p><p><br><\/p>\n<p>HK Registration, en aplicaci\u00f3n de la normativa vigente en materia de protecci\u00f3n de datos de car\u00e1cter personal, informa que los datos personales que se recogen a trav\u00e9s de los formularios del sitio web <a href=\"https:\/\/hongkongregistration.com\/pt\/\" target=\"_new\">https:\/\/hongkongregistration.com\/<\/a> se incluyen en los ficheros automatizados espec\u00edficos de usuarios de los servicios de HK Registration.<\/p><p><br><\/p>\n<p><strong>1. Recopilaci\u00f3n de Informaci\u00f3n<\/strong><\/p>\n<p>Recopilamos informaci\u00f3n personal que nos proporcionas directamente, como tu nombre, direcci\u00f3n, correo electr\u00f3nico y n\u00famero de tel\u00e9fono, cuando te registras en nuestro sitio web o cuando utilizas nuestros servicios. La recogida y tratamiento automatizado de los datos de car\u00e1cter personal tiene como finalidad el mantenimiento de la relaci\u00f3n comercial y el desempe\u00f1o de tareas de informaci\u00f3n, formaci\u00f3n, asesoramiento y otras actividades propias de HK Registration.<\/p><p><br><\/p>\n<p><strong>2. Uso de la Informaci\u00f3n<\/strong><\/p>\n<p>Utilizamos la informaci\u00f3n que recopilamos para proporcionarte nuestros servicios, para mejorar y personalizar tu experiencia en nuestro sitio web, y para comunicarnos contigo. Adem\u00e1s, en caso de contrataci\u00f3n de los bienes y servicios ofertados, para mantener la relaci\u00f3n contractual, as\u00ed como la gesti\u00f3n, administraci\u00f3n, informaci\u00f3n, prestaci\u00f3n y mejora del servicio.<\/p><p><br><\/p>\n<p><strong>3. Compartir y Divulgaci\u00f3n de Informaci\u00f3n<\/strong><\/p>\n<p>Nos tomamos muy en serio tu privacidad. No compartiremos ni divulgaremos tu informaci\u00f3n personal a terceros, excepto en las circunstancias limitadas descritas en esta Pol\u00edtica de Privacidad o a menos que nos des tu consentimiento expl\u00edcito. Estos datos \u00fanicamente ser\u00e1n cedidos a aquellas entidades que sean necesarias con el \u00fanico objetivo de dar cumplimiento a la finalidad anteriormente expuesta.<\/p><p><br><\/p>\n<p><strong>4. Seguridad de la Informaci\u00f3n<\/strong><\/p>\n<p>Hemos implementado medidas de seguridad t\u00e9cnicas y organizativas para proteger tu informaci\u00f3n personal de la p\u00e9rdida, el uso indebido y el acceso no autorizado, la divulgaci\u00f3n, la alteraci\u00f3n y la destrucci\u00f3n. HK Registration adopta las medidas necesarias para garantizar la seguridad, integridad y confidencialidad de los datos conforme a lo dispuesto en el Reglamento (UE) 2016\/679 del Parlamento Europeo y del Consejo, de 27 de abril de 2016.<\/p><p><br><\/p>\n<p><strong>5. Tus Derechos<\/strong><\/p>\n<p>Tienes el derecho de acceder, corregir o eliminar tu informaci\u00f3n personal en cualquier momento. Tambi\u00e9n tienes el derecho de oponerte al procesamiento de tu informaci\u00f3n personal y, en ciertas circunstancias, a obtener la portabilidad de tus datos. El usuario podr\u00e1 en cualquier momento ejercitar los derechos de acceso, oposici\u00f3n, rectificaci\u00f3n y cancelaci\u00f3n reconocidos en el citado Reglamento (UE). El ejercicio de estos derechos puede realizarlo el propio usuario a trav\u00e9s de email a: <a href=\"mailto:info@hongkongregistration.com\" target=\"_new\">info@hongkongregistration.com<\/a> o en la direcci\u00f3n proporcionada en nuestro sitio web.<\/p><p><br><\/p>\n<p><strong>6. Cambios en esta Pol\u00edtica de Privacidad<\/strong><\/p>\n<p>Podemos actualizar nuestra Pol\u00edtica de Privacidad de vez en cuando. Te notificaremos cualquier cambio publicando la nueva Pol\u00edtica de Privacidad en esta p\u00e1gina.<\/p><p><br><\/p>\n<p><strong>7. Contacto<\/strong><\/p>\n<p>Si tienes alguna pregunta sobre esta Pol\u00edtica de Privacidad, puedes contactarnos a trav\u00e9s de <a href=\"mailto:info@hongkongregistration.com\" target=\"_new\">info@hongkongregistration.com<\/a>.<\/p><p><br><\/p>\n<p><strong>8. Comunicaciones Comerciales<\/strong><\/p>\n<p>En aplicaci\u00f3n de la LSSI, HK Registration no enviar\u00e1 comunicaciones publicitarias o promocionales por correo electr\u00f3nico u otro medio de comunicaci\u00f3n electr\u00f3nica equivalente que previamente no hubieran sido solicitadas o expresamente autorizadas por los destinatarios de las mismas. En el caso de usuarios con los que exista una relaci\u00f3n contractual previa, HK Registration s\u00ed est\u00e1 autorizado al env\u00edo de comunicaciones comerciales referentes a productos o servicios que sean similares a los que inicialmente fueron objeto de contrataci\u00f3n con el cliente.<\/p>\t\t\t\t\t\t\t\t<\/div>\n\t\t\t\t<\/div>\n\t\t\t\t\t<\/div>\n\t\t<\/div>\n\t\t\t\t\t<\/div>\n\t\t<\/section>\n\t\t\t\t\t<\/div>\n\t\t<\/div>\n\t\t\t\t\t<\/div>\n\t\t<\/section>\n\t\t\t\t<\/div>","protected":false},"excerpt":{"rendered":"<p>HK Registration Politicas de Privacidad Pol\u00edtica de Privacidad de HK Registration \u00daltima Actualizaci\u00f3n: 01\/02\/2022. HK Registration, en aplicaci\u00f3n de la normativa vigente en materia de protecci\u00f3n de datos de car\u00e1cter personal, informa que los datos personales que se recogen a trav\u00e9s de los formularios del sitio web https:\/\/hongkongregistration.com\/ se incluyen en los ficheros automatizados espec\u00edficos [&hellip;]<\/p>","protected":false},"author":1,"featured_media":0,"parent":0,"menu_order":0,"comment_status":"closed","ping_status":"closed","template":"","meta":{"site-sidebar-layout":"no-sidebar","site-content-layout":"page-builder","ast-site-content-layout":"","site-content-style":"default","site-sidebar-style":"default","ast-global-header-display":"","ast-banner-title-visibility":"","ast-main-header-display":"","ast-hfb-above-header-display":"","ast-hfb-below-header-display":"","ast-hfb-mobile-header-display":"","site-post-title":"disabled","ast-breadcrumbs-content":"","ast-featured-img":"disabled","footer-sml-layout":"","theme-transparent-header-meta":"","adv-header-id-meta":"","stick-header-meta":"","header-above-stick-meta":"","header-main-stick-meta":"","header-below-stick-meta":"","astra-migrate-meta-layouts":"default","ast-page-background-enabled":"default","ast-page-background-meta":{"desktop":{"background-color":"","background-image":"","background-repeat":"repeat","background-position":"center center","background-size":"auto","background-attachment":"scroll","background-type":"","background-media":"","overlay-type":"","overlay-color":"","overlay-opacity":"","overlay-gradient":""},"tablet":{"background-color":"","background-image":"","background-repeat":"repeat","background-position":"center center","background-size":"auto","background-attachment":"scroll","background-type":"","background-media":"","overlay-type":"","overlay-color":"","overlay-opacity":"","overlay-gradient":""},"mobile":{"background-color":"","background-image":"","background-repeat":"repeat","background-position":"center center","background-size":"auto","background-attachment":"scroll","background-type":"","background-media":"","overlay-type":"","overlay-color":"","overlay-opacity":"","overlay-gradient":""}},"ast-content-background-meta":{"desktop":{"background-color":"var(--ast-global-color-5)","background-image":"","background-repeat":"repeat","background-position":"center center","background-size":"auto","background-attachment":"scroll","background-type":"","background-media":"","overlay-type":"","overlay-color":"","overlay-opacity":"","overlay-gradient":""},"tablet":{"background-color":"var(--ast-global-color-5)","background-image":"","background-repeat":"repeat","background-position":"center center","background-size":"auto","background-attachment":"scroll","background-type":"","background-media":"","overlay-type":"","overlay-color":"","overlay-opacity":"","overlay-gradient":""},"mobile":{"background-color":"var(--ast-global-color-5)","background-image":"","background-repeat":"repeat","background-position":"center center","background-size":"auto","background-attachment":"scroll","background-type":"","background-media":"","overlay-type":"","overlay-color":"","overlay-opacity":"","overlay-gradient":""}},"_glsr_average":0,"_glsr_ranking":0,"_glsr_reviews":0,"footnotes":""},"class_list":["post-7126","page","type-page","status-publish","hentry"],"_links":{"self":[{"href":"https:\/\/hongkongregistration.com\/pt\/wp-json\/wp\/v2\/pages\/7126","targetHints":{"allow":["GET"]}}],"collection":[{"href":"https:\/\/hongkongregistration.com\/pt\/wp-json\/wp\/v2\/pages"}],"about":[{"href":"https:\/\/hongkongregistration.com\/pt\/wp-json\/wp\/v2\/types\/page"}],"author":[{"embeddable":true,"href":"https:\/\/hongkongregistration.com\/pt\/wp-json\/wp\/v2\/users\/1"}],"replies":[{"embeddable":true,"href":"https:\/\/hongkongregistration.com\/pt\/wp-json\/wp\/v2\/comments?post=7126"}],"version-history":[{"count":0,"href":"https:\/\/hongkongregistration.com\/pt\/wp-json\/wp\/v2\/pages\/7126\/revisions"}],"wp:attachment":[{"href":"https:\/\/hongkongregistration.com\/pt\/wp-json\/wp\/v2\/media?parent=7126"}],"curies":[{"name":"wp","href":"https:\/\/api.w.org\/{rel}","templated":true}]}}