{"id":6861,"date":"2023-06-08T18:47:09","date_gmt":"2023-06-08T18:47:09","guid":{"rendered":"https:\/\/hongkongregistration.com\/?page_id=6861"},"modified":"2023-06-08T18:49:28","modified_gmt":"2023-06-08T18:49:28","slug":"propuesta","status":"publish","type":"page","link":"https:\/\/hongkongregistration.com\/en\/propuesta\/","title":{"rendered":"Main Aspects to Consider"},"content":{"rendered":"<div data-elementor-type=\"wp-page\" data-elementor-id=\"6861\" class=\"elementor elementor-6861\" data-elementor-settings=\"{&quot;ha_cmc_init_switcher&quot;:&quot;no&quot;}\" data-elementor-post-type=\"page\">\n\t\t\t\t\t\t<section class=\"elementor-section elementor-top-section elementor-element elementor-element-5b5fa81 elementor-section-height-min-height elementor-section-boxed elementor-section-height-default elementor-section-items-middle\" data-id=\"5b5fa81\" data-element_type=\"section\" data-settings=\"{&quot;background_background&quot;:&quot;classic&quot;,&quot;_ha_eqh_enable&quot;:false}\">\n\t\t\t\t\t\t\t<div class=\"elementor-background-overlay\"><\/div>\n\t\t\t\t\t\t\t<div class=\"elementor-container elementor-column-gap-no\">\n\t\t\t\t\t<div class=\"elementor-column elementor-col-100 elementor-top-column elementor-element elementor-element-118479d\" data-id=\"118479d\" data-element_type=\"column\">\n\t\t\t<div class=\"elementor-widget-wrap elementor-element-populated\">\n\t\t\t\t\t\t<div class=\"elementor-element elementor-element-1e9a54a elementor-widget__width-auto animated-slow elementor-widget elementor-widget-heading\" data-id=\"1e9a54a\" data-element_type=\"widget\" data-settings=\"{&quot;_animation&quot;:&quot;none&quot;}\" data-widget_type=\"heading.default\">\n\t\t\t\t<div class=\"elementor-widget-container\">\n\t\t\t\t\t<h1 class=\"elementor-heading-title elementor-size-default\">PRINCIPALES ASPECTOS A CONSIDERAR<br>AL REGISTRAR UNA EMPRESA<br>IN HONG KONG<\/h1>\t\t\t\t<\/div>\n\t\t\t\t<\/div>\n\t\t\t\t\t<\/div>\n\t\t<\/div>\n\t\t\t\t\t<\/div>\n\t\t<\/section>\n\t\t\t\t<section class=\"elementor-section elementor-top-section elementor-element elementor-element-8612a94 elementor-section-boxed elementor-section-height-default elementor-section-height-default\" data-id=\"8612a94\" data-element_type=\"section\" data-settings=\"{&quot;background_background&quot;:&quot;classic&quot;,&quot;_ha_eqh_enable&quot;:false}\">\n\t\t\t\t\t\t<div class=\"elementor-container elementor-column-gap-default\">\n\t\t\t\t\t<div class=\"elementor-column elementor-col-100 elementor-top-column elementor-element elementor-element-9dd23c3\" data-id=\"9dd23c3\" data-element_type=\"column\">\n\t\t\t<div class=\"elementor-widget-wrap elementor-element-populated\">\n\t\t\t\t\t\t<div class=\"elementor-element elementor-element-ac2ab2e elementor-widget elementor-widget-heading\" data-id=\"ac2ab2e\" data-element_type=\"widget\" data-widget_type=\"heading.default\">\n\t\t\t\t<div class=\"elementor-widget-container\">\n\t\t\t\t\t<h6 class=\"elementor-heading-title elementor-size-default\">\nPRINCIPALES ASPECTOS A CONSIDERAR EN LA FORMACI\u00d3N DE UNA EMPRESA EN HONG KONG\n\nPor medio de la presente, ofrecemos una descripci\u00f3n de nuestros servicios para la formaci\u00f3n de una Sociedad de Responsabilidad Limitada en Hong Kong, la gesti\u00f3n de apertura de cuentas bancarias internacionales en Hong Kong, as\u00ed como todos los servicios relacionados, hasta que su empresa se establezca formalmente. Tambi\u00e9n informamos sobre las obligaciones de mantenimiento anual y contabilidad, y detallamos el r\u00e9gimen legal, fiscal, y los beneficios de Hong Kong.\n\nNUESTROS SERVICIOS INCLUYEN:\n\n1. Registro de una Sociedad de Responsabilidad Limitada en Hong Kong. Para la constituci\u00f3n de la sociedad se requiere un (1) accionista, persona f\u00edsica o jur\u00eddica, y un (1) director, persona f\u00edsica. Si el accionista es una persona f\u00edsica, deber\u00e1s aportar los siguientes documentos: pasaporte, DNI (anverso y reverso), una foto selfie con pasaporte en mano y cartel con la fecha vigente, y dos documentos que verifiquen el domicilio: carnet de conducir, agua, gas, electricidad, tel\u00e9fono e internet.\nEn caso de que el accionista sea una sociedad: 1. Documentos Constitutivos y Constancia de Inscripci\u00f3n de la Sociedad. 2. Balance del \u00faltimo a\u00f1o presentado. 3. Asamblea de Accionistas del \u00faltimo a\u00f1o. 4. Las \u00faltimas modificaciones societarias. Con su correspondiente traducci\u00f3n.\n\nEl proceso de registro de empresas en Hong Kong, puede realizarse de manera remota, sin necesidad de presencia f\u00edsica de los directores o accionistas extranjeros.\n2. Brindamos un domicilio legal y fiscal y el cargo legal de secretar\u00eda por un a\u00f1o (m\u00e1s informaci\u00f3n). Finalizado el registro obtendr\u00e1 por correo postal una carpeta f\u00edsica con todos los documentos societarios y los sellos de la empresa.\n\n3. Gestionamos las aperturas de cuentas bancarias. \n\nA)\tGestionamos la apertura de cuenta de un banco online de manera remota, probado y que funciona perfectamente. El Banco Online otorga una cuenta bancaria del Standard Chartered Bank de Hong Kong. \n\nB) Luego de 5-6 meses de operaciones, podr\u00e1s solicitar la apertura de una cuenta a distancia en los bancos f\u00edsicos DBS o Citigroup ambos de Hong Kong. \n\nC) Para empresas que comercian commodities podemos gestionar una cuenta en Bank of China (Hong Kong).  \n\nD). Para el comercio internacional con Rusia, podemos gestionar la apertura de cuenta en China continental ante el Banco Zhejiang Chouzhou Commercial Bank.\n\nE). Otras cuentas bancarias: Gesti\u00f3n de apertura de cuenta corporativa ante CBi Bank Banque de Puerto Rico (estado libre de EEUU), muy utilizado por las traders de Hong Kong propiedad de empresas chinas. Tambi\u00e9n podemos gestionar una cuenta en Banco CIM Banque en Suiza, con comisiones no muy favorables pero buenos servicios.\n\n4. Durante el proceso de apertura de cuentas bancarias le brindaremos dominios .com o .hk, p\u00e1gina web, creaci\u00f3n de cuentas y presencia en redes sociales y todos los perfiles p\u00fablicos necesarios para dar presencia a tu empresa.\n\n5. Una vez establecida la empresa, un profesional le brindar\u00e1 capacitaci\u00f3n en el software de administraci\u00f3n y contabilidad, de acuerdo a los est\u00e1ndares contables de HK. Con el cual podr\u00e1 administrar la empresa de manera pr\u00e1ctica, ordenada, prolija, llevando la documentaci\u00f3n contable al d\u00eda. Adem\u00e1s, ofrecemos asesoramiento contable y fiscal durante los primeros 3 meses, tiempo m\u00e1s que suficiente para aprender el r\u00e9gimen fiscal simple de HK. \n\nAl final de nuestro trabajo podr\u00e1 contar con una empresa radicada en HK, con cuentas bancarias, domicilios, presencia en internet y en condiciones de administrarla por su propia cuenta, con las herramientas que brindamos. \nHONORARIOS DE FORMACI\u00d3N DE EMPRESA\n\nEstamos comprometidos con la calidad y la integridad, por lo que es esencial que los clientes potenciales aprueben nuestras pol\u00edticas de compliance. Esto incluye una evaluaci\u00f3n detallada del objeto y prop\u00f3sito de la entidad. Esta aprobaci\u00f3n garantiza el cumplimiento de las normativas locales e internacionales relevantes y asegura que nuestros servicios se mantienen en l\u00ednea con los compromisos \u00e9ticos que tenemos con los bancos con los que colaboramos. \nEn cuanto a nuestros honorarios, trabajamos con un anticipo del 20% y el saldo restante del 80% al finalizar el trabajo. \n\nMANTENIMIENTO SOCIETARIO Y CONTABILIDAD ANUAL\n\nLos honorarios para renovaci\u00f3n anual y el cumplimiento de las obligaciones societarias (no contables) son de U$S300, implican: Renovaci\u00f3n del cargo de secretaria por otro a\u00f1o, Domicilio societario por otro a\u00f1o, Celebraci\u00f3n de Asamblea Anual, Renovaci\u00f3n del Certificado de Registro Comercial ante el Inland Revenue Department, Declaraci\u00f3n anual ante el Companies Registry.\nEn relaci\u00f3n a los honorarios de Contabilidad anual, por a\u00f1o fiscal, var\u00edan seg\u00fan la facturaci\u00f3n. Los detallo a continuaci\u00f3n: \n\nFACTURACI\u00d3N dentro de:\tHONORARIOS\nHKD 1.000.000\tUSD 130.000\tUSD 763\nHKD 2.000.000\tUSD 260.000\tUSD 810\nHKD 3.000.000\tUSD 390.000\tUSD 888\nHKD 4.000.000\tUSD 520.000\tUSD 1.045\nHKD 5.000.000\tUSD 650.000\tUSD 1.140\nHKD 10.000.000\tUSD 1.300.000\tUSD 1.297\nHKD 20.000.000\tUSD 2.600.000\tUSD 1.438\nHKD 30.000.000\tUSD 3.900.000\tUSD 1.611\nHKD 40.000.000\tUSD 5.200.000\tUSD 2.054\nHKD 50.000.000\tUSD 6.500.000\tUSD 2.369\nHKD 60.000.000\tUSD 7.800.000\tUSD 2.840\nHKD 70.000.000\tUSD 9.100.000\tUSD 2.997\nHKD 80.000.000\tUSD 10.400.000\tUSD 3.154\nHKD 90.000.000\tUSD 11.700.000\tUSD 3.343\n\nTener presente que la contabilidad se lleva de manera anual, y que durante el transcurso del a\u00f1o no es necesario realizar ninguna presentaci\u00f3n. \n\nREGULACIONES SOCIETARIAS\n\nCapital social:  No hay una cantidad m\u00ednima de capital social requerido. Es libre elegir la moneda y el monto del capital social de la empresa.\n\nAccionistas: Una sociedad de responsabilidad limitada de Hong Kong puede tener de uno (1) a cincuenta (50) accionistas. Los accionistas no necesitan residir en Hong Kong. Los accionistas pueden ser personas f\u00edsicas o jur\u00eddicas (empresas), local o extranjera. Las asambleas de accionistas pueden celebrarse en cualquier parte del mundo.\n\nDirectores: Se requiere un m\u00ednimo de un director individual. Los dem\u00e1s directores pueden ser personas naturales o jur\u00eddicas, nacionales o extranjeras. No es necesario que los directores residan en Hong Kong. Las reuniones de la Junta Directiva pueden celebrarse en cualquier parte del mundo.\n\nEl secretario de la empresa: El secretario de la empresa es el punto de contacto y su representante para tratar con las autoridades de Hong Kong.\n\nEl Registro de Empresas de Hong Kong : el \u201cCompanies Registry\u201d (CR)\u201d es el departamento gubernamental a cargo de la creaci\u00f3n de la empresa y las presentaciones anuales en Hong Kong.\n\nEl Departamento Fiscal Interno de Hong Kong : el \u201cInland Revenue Department (IRD)\u201d es el departamento gubernamental a cargo de los impuestos y aranceles en Hong Kong. En pocas palabras, cada a\u00f1o debe presentar la declaraci\u00f3n de impuestos de la empresa ante el IRD, para determinar con qu\u00e9 impuestos debe pagar la empresa.\n\n\n\n\n\nREGIMEN FISCAL\n\nSi la empresa hace negocios fuera de Hong Kong (sociedad de responsabilidad limitada offshore \u2013 extraterritorial), no est\u00e1 sujeta al impuesto sobre las ganancias en Hong Kong, pudiendo aplicar a la exenci\u00f3n offshore.\nSi la empresa realiza negocios en Hong Kong (sociedad de responsabilidad limitada Onshore), la tasa del impuesto sobre las ganancias es del 8,25 % sobre los primeros 2 millones de d\u00f3lares de Hong Kong (equivalente a U$S256.000) de ganancias y del 16,5 % sobre todo a partir de entonces (No anual, sino por \u00fanica vez).\n\nCategor\u00eda\tTasa de Impuesto\nNegocios fuera de Hong Kong (Offshore)\t0%\nNegocios en Hong Kong (Onshore) - Primeros 2 millones de d\u00f3lares de HK\t8.25%\nNegocios en Hong Kong (Onshore) - M\u00e1s de 2 millones de d\u00f3lares de HK\t16.5%\n\nAdem\u00e1s, la sociedad puede aprovechar muchas deducciones fiscales que reducir\u00e1n el impuesto a las ganancias.\nNo hay IVA (VAT), ni impuestos sobre las ganancias de capital (o distribuci\u00f3n de dividendos), ni ingresos brutos, ni comercio e industria, ni impuesto a la riqueza, ni a la herencia. \n\n\u00bfPOR QU\u00c9 HONG KONG?\n\nHong Kong se destaca como el cuarto centro financiero global de mayor prestigio y reputaci\u00f3n internacional, precedido por Nueva York, Londres y Singapur. Se encuentra ubicado estrat\u00e9gicamente en el coraz\u00f3n econ\u00f3mico de Asia, actuando como puente entre China y el mundo.\nLa creciente demanda de oportunidades comerciales en el mercado asi\u00e1tico ha motivado a empresas de todo el mundo a establecerse en Hong Kong, una regi\u00f3n altamente atractiva para capitalizar estas oportunidades.\n\nHong Kong es reconocida por su atractivo r\u00e9gimen fiscal. Su sistema tributario es simple y ventajoso, que incluye un \u00fanico impuesto sobre las ganancias, as\u00ed como potenciales exenciones para empresas offshore.\nSu sistema legal, basado en el derecho anglosaj\u00f3n, garantiza un entorno empresarial s\u00f3lido, seguro y estable, que protege la privacidad de las sociedades.\nHong Kong ofrece importantes ventajas a las empresas internacionales, como la ausencia de controles cambiarios y la posibilidad de realizar pagos globales en m\u00faltiples divisas. Su libertad econ\u00f3mica proporciona una mayor flexibilidad en las operaciones de comercio exterior.\nAdem\u00e1s, una cuenta bancaria en Hong Kong permite operar en Yuanes (entre muchas otras divisas). En 2023, el yuan chino est\u00e1 emergiendo como un fuerte competidor al d\u00f3lar estadounidense en el comercio internacional, impulsado por la creciente influencia econ\u00f3mica de China. Varios pa\u00edses, incluyendo Rusia, India, Brasil, Argentina y Bolivia, est\u00e1n adoptando el yuan para sus transacciones internacionales. \nTodas estas ventajas posicionan a Hong Kong como un destino preferente para las empresas que buscan expandir sus operaciones internacionales.\n\n\nSi desea obtener informaci\u00f3n m\u00e1s detallada, por favor no dude en ponerse en contacto. Estamos a su disposici\u00f3n para ayudarle. <\/h6>\t\t\t\t<\/div>\n\t\t\t\t<\/div>\n\t\t\t\t\t<\/div>\n\t\t<\/div>\n\t\t\t\t\t<\/div>\n\t\t<\/section>\n\t\t\t\t<\/div>","protected":false},"excerpt":{"rendered":"<p>PRINCIPALES ASPECTOS A CONSIDERARAL REGISTRAR UNA EMPRESAEN HONG KONG PRINCIPALES ASPECTOS A CONSIDERAR EN LA FORMACI\u00d3N DE UNA EMPRESA EN HONG KONG Por medio de la presente, ofrecemos una descripci\u00f3n de nuestros servicios para la formaci\u00f3n de una Sociedad de Responsabilidad Limitada en Hong Kong, la gesti\u00f3n de apertura de cuentas bancarias internacionales en Hong [&hellip;]<\/p>","protected":false},"author":1,"featured_media":0,"parent":0,"menu_order":0,"comment_status":"closed","ping_status":"closed","template":"","meta":{"site-sidebar-layout":"no-sidebar","site-content-layout":"page-builder","ast-site-content-layout":"","site-content-style":"default","site-sidebar-style":"default","ast-global-header-display":"","ast-banner-title-visibility":"","ast-main-header-display":"","ast-hfb-above-header-display":"","ast-hfb-below-header-display":"","ast-hfb-mobile-header-display":"","site-post-title":"disabled","ast-breadcrumbs-content":"disabled","ast-featured-img":"disabled","footer-sml-layout":"disabled","theme-transparent-header-meta":"enabled","adv-header-id-meta":"","stick-header-meta":"","header-above-stick-meta":"","header-main-stick-meta":"","header-below-stick-meta":"","astra-migrate-meta-layouts":"default","ast-page-background-enabled":"default","ast-page-background-meta":{"desktop":{"background-color":"","background-image":"","background-repeat":"repeat","background-position":"center center","background-size":"auto","background-attachment":"scroll","background-type":"","background-media":"","overlay-type":"","overlay-color":"","overlay-opacity":"","overlay-gradient":""},"tablet":{"background-color":"","background-image":"","background-repeat":"repeat","background-position":"center center","background-size":"auto","background-attachment":"scroll","background-type":"","background-media":"","overlay-type":"","overlay-color":"","overlay-opacity":"","overlay-gradient":""},"mobile":{"background-color":"","background-image":"","background-repeat":"repeat","background-position":"center center","background-size":"auto","background-attachment":"scroll","background-type":"","background-media":"","overlay-type":"","overlay-color":"","overlay-opacity":"","overlay-gradient":""}},"ast-content-background-meta":{"desktop":{"background-color":"var(--ast-global-color-5)","background-image":"","background-repeat":"repeat","background-position":"center center","background-size":"auto","background-attachment":"scroll","background-type":"","background-media":"","overlay-type":"","overlay-color":"","overlay-opacity":"","overlay-gradient":""},"tablet":{"background-color":"var(--ast-global-color-5)","background-image":"","background-repeat":"repeat","background-position":"center center","background-size":"auto","background-attachment":"scroll","background-type":"","background-media":"","overlay-type":"","overlay-color":"","overlay-opacity":"","overlay-gradient":""},"mobile":{"background-color":"var(--ast-global-color-5)","background-image":"","background-repeat":"repeat","background-position":"center center","background-size":"auto","background-attachment":"scroll","background-type":"","background-media":"","overlay-type":"","overlay-color":"","overlay-opacity":"","overlay-gradient":""}},"_glsr_average":0,"_glsr_ranking":0,"_glsr_reviews":0,"footnotes":""},"class_list":["post-6861","page","type-page","status-publish","hentry"],"_links":{"self":[{"href":"https:\/\/hongkongregistration.com\/en\/wp-json\/wp\/v2\/pages\/6861","targetHints":{"allow":["GET"]}}],"collection":[{"href":"https:\/\/hongkongregistration.com\/en\/wp-json\/wp\/v2\/pages"}],"about":[{"href":"https:\/\/hongkongregistration.com\/en\/wp-json\/wp\/v2\/types\/page"}],"author":[{"embeddable":true,"href":"https:\/\/hongkongregistration.com\/en\/wp-json\/wp\/v2\/users\/1"}],"replies":[{"embeddable":true,"href":"https:\/\/hongkongregistration.com\/en\/wp-json\/wp\/v2\/comments?post=6861"}],"version-history":[{"count":0,"href":"https:\/\/hongkongregistration.com\/en\/wp-json\/wp\/v2\/pages\/6861\/revisions"}],"wp:attachment":[{"href":"https:\/\/hongkongregistration.com\/en\/wp-json\/wp\/v2\/media?parent=6861"}],"curies":[{"name":"wp","href":"https:\/\/api.w.org\/{rel}","templated":true}]}}